{"id":142,"date":"2026-01-08T18:04:22","date_gmt":"2026-01-08T17:04:22","guid":{"rendered":"https:\/\/www.lhft.tf.fau.de\/?page_id=142"},"modified":"2026-01-29T17:43:11","modified_gmt":"2026-01-29T16:43:11","slug":"startseite","status":"publish","type":"page","link":"https:\/\/www.lhft.tf.fau.de\/","title":{"rendered":"Homepage"},"content":{"rendered":"\n<div class=\"wp-block-columns alignwide hero-chair-cooperation is-layout-flex wp-container-core-columns-is-layout-28f84493 wp-block-columns-is-layout-flex\">\n<div class=\"wp-block-column hero-chair-content-wrapper is-layout-flow wp-block-column-is-layout-flow\">\n<div class=\"wp-block-column hero-chair-content is-layout-flow wp-block-column-is-layout-flow\">\n<h1 class=\"wp-block-heading\">Institute of Microwaves and <br>Photonics<\/h1>\n\n\n\n<div class=\"wp-block-group hero-mobile-optional is-layout-flow wp-block-group-is-layout-flow\">\n<p class=\"hero-text\">The Chair of High-Frequency Engineering (LHFT), with nearly 50 years of history, is among the world\u2019s leading institutes in this field. Its research and teaching span microwave and millimeter-wave engineering, terahertz technologies, and photonics and laser technology, covering everything from components to complete systems. Through close collaboration with industry and research partners, LHFT educates students in key future technologies and drives innovation through excellent fundamental research.<\/p>\n\n\n\n<div class=\"wp-block-buttons is-layout-flex wp-block-buttons-is-layout-flex\">\n<div class=\"wp-block-button is-style-secondary\"><a class=\"wp-block-button__link wp-element-button\" href=\"https:\/\/www.lhft.tf.fau.de\/en\/ueber-uns\/\">Learn more<\/a><\/div>\n<\/div>\n<\/div>\n<\/div>\n<\/div>\n\n\n\n<div class=\"wp-block-column hero-chair-bg-left is-layout-flow wp-block-column-is-layout-flow\"><\/div>\n\n\n\n<div class=\"wp-block-column hero-chair-bg-right is-layout-flow wp-block-column-is-layout-flow\">\n<div class=\"wp-block-cover is-dark-theme\"><img loading=\"lazy\" decoding=\"async\" class=\"wp-block-cover__image-background wp-image-213 size-large\" alt=\"\" src=\"https:\/\/www.lhft.tf.fau.de\/files\/2026\/01\/0328_FAU_TECHFAK_FATHER-AND-SUN_20231019_1125-1024x683.jpg\" data-object-fit=\"cover\" srcset=\"https:\/\/www.lhft.tf.fau.de\/files\/2026\/01\/0328_FAU_TECHFAK_FATHER-AND-SUN_20231019_1125-1024x683.jpg 1024w, https:\/\/www.lhft.tf.fau.de\/files\/2026\/01\/0328_FAU_TECHFAK_FATHER-AND-SUN_20231019_1125-300x200.jpg 300w, https:\/\/www.lhft.tf.fau.de\/files\/2026\/01\/0328_FAU_TECHFAK_FATHER-AND-SUN_20231019_1125-768x512.jpg 768w, https:\/\/www.lhft.tf.fau.de\/files\/2026\/01\/0328_FAU_TECHFAK_FATHER-AND-SUN_20231019_1125-1536x1024.jpg 1536w, https:\/\/www.lhft.tf.fau.de\/files\/2026\/01\/0328_FAU_TECHFAK_FATHER-AND-SUN_20231019_1125-2048x1365.jpg 2048w, https:\/\/www.lhft.tf.fau.de\/files\/2026\/01\/0328_FAU_TECHFAK_FATHER-AND-SUN_20231019_1125-60x40.jpg 60w\" \/><span aria-hidden=\"true\" class=\"wp-block-cover__background has-background-dim-0 has-background-dim\" style=\"background-color:#6c7c80\"><\/span><div class=\"wp-block-cover__inner-container is-layout-flow wp-block-cover-is-layout-flow\">\n<p class=\"has-text-align-center hideParagraph has-large-font-size\"><\/p>\n<\/div><\/div>\n<\/div>\n<\/div>\n\n\n<section class=\"fau-list-item wp-block-fau-elemental-fau-teaser-grid\" id=\"fau-teaser-grid-7c78d989\" aria-label=\"Content grid\" role=\"region\" data-grid-id=\"fau-teaser-grid-7c78d989\" data-custom-block-id=\"fau-teaser-grid-7c78d989\" data-variant=\"post\" data-category=\"13\" data-tags=\"\" data-author=\"0\" data-year=\"0\" data-month=\"0\" data-day=\"0\" data-posts-per-page=\"3\" data-display-style=\"teaser-grid\" data-teaser-layout=\"3m\" data-order-by=\"date\" data-order=\"DESC\" data-heading-level=\"h4\" data-show-pagination=\"false\" data-pagination-type=\"numbers\" data-nonce=\"c42e68c81d\" data-current-page=\"1\"><ul class=\"fau-teaser-grid teaser-grid layout-3m\" aria-label=\"Content items\" data-variant=\"post\"><li><a class=\"teaser-item-link teaser-item\" href=\"https:\/\/www.lhft.tf.fau.de\/en\/2026\/01\/29\/neue-webseite-im-aufbau\/\"><article class=\"post-teaser\" data-variant=\"post\" data-href=\"https:\/\/www.lhft.tf.fau.de\/en\/2026\/01\/29\/neue-webseite-im-aufbau\/\" tabindex=\"0\" role=\"button\" aria-labelledby=\"teaser-title-361\"><div class=\"teaser-image-wrapper\"><div class=\"teaser-image\"><img decoding=\"async\" src=\"https:\/\/www.lhft.tf.fau.de\/files\/2026\/01\/1F6A7.svg\" class=\"attachment-medium_large size-medium_large\" alt=\"New website under construction\" loading=\"lazy\" \/><\/div><div class=\"teaser-meta\"><time datetime=\"2026-01-29 14:32:11\"><span class=\"date-day\">29<\/span><span class=\"date-month-year\">JAN 2026<\/span><\/time><\/div><\/div><div class=\"teaser-content-wrapper\"><div class=\"teaser-content\"><div class=\"content-column\"><span class=\"category\">Allgemein<\/span><h4 class=\"clamp-3\" id=\"teaser-title-361\">New website under construction<\/h4><div class=\"excerpt clamp-3\"><span class=\"visually-hidden\">You are visiting our new website! Because we are currently in the process of migrating the contents from the old website, there will be a few changes in the next weeks. The topic &#8220;Reserach&#8221; in particular is still under contruction. Please come back soon to find more content!<\/span><span aria-hidden=\"true\">You are visiting our new website! Because we are currently in the process of migrating the contents from the old website, there will be a few changes in the next weeks. The topic &#8220;Reserach&#8221; in particular is still under contruction. Please come back soon to find more content!<\/span><\/div><\/div><div class=\"button-teaser\"><span class=\"wp-block-button__link\"><span class=\"screen-reader-text\">Read more about New website under construction<\/span><\/span><\/div><\/div><\/div><\/article><\/a><\/li><\/ul><\/section>\n\n\n<div class=\"wp-block-group is-layout-constrained wp-block-group-is-layout-constrained\">\n<div class=\"wp-block-buttons is-content-justification-right is-layout-flex wp-container-core-buttons-is-layout-d445cf74 wp-block-buttons-is-layout-flex\">\n<div class=\"wp-block-button\"><a class=\"wp-block-button__link wp-element-button\" href=\"https:\/\/www.lhft.tf.fau.de\/en\/category\/news\/\">More posts<\/a><\/div>\n<\/div>\n<\/div>\n\n\n\n<div class=\"wp-block-group pattern-big-teaser is-style-dark is-layout-flow wp-block-group-is-layout-flow\">\n<h2 class=\"wp-block-fau-elemental-fau-meta-headline\" id=\"headline-fa338ad4-ba96-4180-8a50-6a83c02118cb\"><\/h2>\n\n\n<section class=\"fau-big-teaser wp-block-fau-elemental-fau-big-teaser\"><div class=\"fau-big-teaser__content\"><h3 class=\"fau-big-teaser__headline\">Open thesis topics<\/h3><p class=\"fau-big-teaser__teaser-text\">Die FAU bietet Ihnen mit \u00fcber 270 Studieng\u00e4ngen eine inspirierende Lernumgebung, studentische Gemeinschaft und zahlreiche M\u00f6glichkeiten, Ihre Leidenschaft zu entdecken.<\/p><div class=\"wp-block-buttons is-layout-flex wp-block-buttons-is-layout-flex\"><div class=\"wp-block-button is-style-tertiary\"><a href=\"#\" class=\"wp-block-button__link wp-element-button\">Learn more<\/a><\/div><\/div><\/div><div class=\"fau-big-teaser__image\"><img decoding=\"async\" src=\"https:\/\/www.lhft.tf.fau.de\/wp-content\/themes\/FAU-Elemental\/assets\/images\/faue-demo-1.jpg\" alt=\"Demo Content\" loading=\"lazy\" \/><\/div><\/section><\/div>\n\n\n<div class=\"rrze-video-container\" data-video-id=\"rrze-video-69d0e622ab67f\"><div class=\"rrze-video rrze-video-container \">\n<div class=\"youtube-video plyr-videonum-1\" itemscope itemtype=\"https:\/\/schema.org\/Movie\">\n\n<div class=\"plyr__video-embed\">\n<iframe\n  src=\"https:\/\/www.youtube-nocookie.com\/embed\/J6dLoUQsqos?rel=0&#038;showinfo=0&#038;iv_load_policy=3&#038;modestbranding=1\"\n frameborder=\"0\"\n  allowfullscreen\n  allowtransparency\n  allow=\"autoplay\"\n><\/iframe>\n<\/div>\n<\/div>\n<\/div><\/div>","protected":false},"excerpt":{"rendered":"<p>Institute of Microwaves and Photonics The Chair of High-Frequency Engineering (LHFT), with nearly 50 years of history, is among the world\u2019s leading institutes in this field. Its research and teaching span microwave and millimeter-wave engineering, terahertz technologies, and photonics and laser technology, covering everything from components to complete systems. Through close collaboration with industry and [&hellip;]<\/p>\n","protected":false},"author":5645,"featured_media":0,"parent":0,"menu_order":0,"comment_status":"closed","ping_status":"closed","template":"","meta":{"_rrze_cache":"enabled","_rrze_multilang_single_locale":"en_US","_rrze_multilang_single_source":"https:\/\/www.lhft.tf.fau.de\/?page_id=66","footnotes":""},"page_category":[4],"page_tag":[],"class_list":["post-142","page","type-page","status-publish","hentry","page_category-general","en-US"],"_links":{"self":[{"href":"https:\/\/www.lhft.tf.fau.de\/wp-json\/wp\/v2\/pages\/142","targetHints":{"allow":["GET"]}}],"collection":[{"href":"https:\/\/www.lhft.tf.fau.de\/wp-json\/wp\/v2\/pages"}],"about":[{"href":"https:\/\/www.lhft.tf.fau.de\/wp-json\/wp\/v2\/types\/page"}],"author":[{"embeddable":true,"href":"https:\/\/www.lhft.tf.fau.de\/wp-json\/wp\/v2\/users\/5645"}],"replies":[{"embeddable":true,"href":"https:\/\/www.lhft.tf.fau.de\/wp-json\/wp\/v2\/comments?post=142"}],"version-history":[{"count":10,"href":"https:\/\/www.lhft.tf.fau.de\/wp-json\/wp\/v2\/pages\/142\/revisions"}],"predecessor-version":[{"id":366,"href":"https:\/\/www.lhft.tf.fau.de\/wp-json\/wp\/v2\/pages\/142\/revisions\/366"}],"wp:attachment":[{"href":"https:\/\/www.lhft.tf.fau.de\/wp-json\/wp\/v2\/media?parent=142"}],"wp:term":[{"taxonomy":"page_category","embeddable":true,"href":"https:\/\/www.lhft.tf.fau.de\/wp-json\/wp\/v2\/page_category?post=142"},{"taxonomy":"page_tag","embeddable":true,"href":"https:\/\/www.lhft.tf.fau.de\/wp-json\/wp\/v2\/page_tag?post=142"}],"curies":[{"name":"wp","href":"https:\/\/api.w.org\/{rel}","templated":true}]}}