{"id":332,"date":"2026-01-27T15:57:22","date_gmt":"2026-01-27T14:57:22","guid":{"rendered":"https:\/\/www.lhft.tf.fau.de\/?page_id=332"},"modified":"2026-01-27T15:57:23","modified_gmt":"2026-01-27T14:57:23","slug":"forschungsgruppen","status":"publish","type":"page","link":"https:\/\/www.lhft.tf.fau.de\/en\/forschung\/forschungsgruppen\/","title":{"rendered":"Research groups"},"content":{"rendered":"\n<p>Am LHFT sind verschiedene Forschungsgruppen aktiv. <\/p>\n\n\n\n<div class=\"wp-block-group pattern-big-teaser is-layout-flow wp-block-group-is-layout-flow\">\n<h2 class=\"wp-block-fau-elemental-fau-meta-headline\" id=\"headline-c16087f3-4911-472b-82ce-47efe73fc687\"><\/h2>\n\n\n<section class=\"fau-big-teaser wp-block-fau-elemental-fau-big-teaser\"><div class=\"fau-big-teaser__content\"><h3 class=\"fau-big-teaser__headline\">Mikrowellentechnik<\/h3><p class=\"fau-big-teaser__teaser-text\">Die FAU bietet Ihnen mit \u00fcber 270 Studieng\u00e4ngen eine inspirierende Lernumgebung, studentische Gemeinschaft und zahlreiche M\u00f6glichkeiten, Ihre Leidenschaft zu entdecken.<\/p><div class=\"wp-block-buttons is-layout-flex wp-block-buttons-is-layout-flex\"><div class=\"wp-block-button is-style-tertiary\"><a href=\"#\" class=\"wp-block-button__link wp-element-button\">Mehr erfahren<\/a><\/div><\/div><\/div><div class=\"fau-big-teaser__image\"><img decoding=\"async\" src=\"https:\/\/www.lhft.tf.fau.de\/files\/2026\/01\/1284_FAU_TECHFAK_FATHER-AND-SUN_20231017_1608-scaled.jpg\" alt=\"Mikrowellentechnik\" loading=\"lazy\" \/><\/div><\/section><\/div>\n\n\n\n<div class=\"wp-block-group pattern-big-teaser is-style-dark is-layout-flow wp-block-group-is-layout-flow\">\n<h2 class=\"wp-block-fau-elemental-fau-meta-headline\" id=\"headline-2ba2f39c-8cc7-468d-8bbb-e6aa0858cbd1\"><\/h2>\n\n\n<section class=\"fau-big-teaser wp-block-fau-elemental-fau-big-teaser\"><div class=\"fau-big-teaser__content\"><h3 class=\"fau-big-teaser__headline\">Automotive<\/h3><p class=\"fau-big-teaser__teaser-text\">Die FAU bietet Ihnen mit \u00fcber 270 Studieng\u00e4ngen eine inspirierende Lernumgebung, studentische Gemeinschaft und zahlreiche M\u00f6glichkeiten, Ihre Leidenschaft zu entdecken.<\/p><div class=\"wp-block-buttons is-layout-flex wp-block-buttons-is-layout-flex\"><div class=\"wp-block-button is-style-tertiary\"><a href=\"#\" class=\"wp-block-button__link wp-element-button\">Mehr erfahren<\/a><\/div><\/div><\/div><div class=\"fau-big-teaser__image\"><img decoding=\"async\" src=\"https:\/\/www.lhft.tf.fau.de\/files\/2026\/01\/0432_FAU_TECHFAK_FATHER-AND-SUN_20231019_1012-scaled.jpg\" alt=\"Automotive\" loading=\"lazy\" \/><\/div><\/section><\/div>\n\n\n\n<div class=\"wp-block-group pattern-big-teaser is-style-default is-layout-flow wp-block-group-is-layout-flow\">\n<h2 class=\"wp-block-fau-elemental-fau-meta-headline\" id=\"headline-2ba2f39c-8cc7-468d-8bbb-e6aa0858cbd1\"><\/h2>\n\n\n<section class=\"fau-big-teaser wp-block-fau-elemental-fau-big-teaser\"><div class=\"fau-big-teaser__content\"><h3 class=\"fau-big-teaser__headline\">Photonik<\/h3><p class=\"fau-big-teaser__teaser-text\">Die FAU bietet Ihnen mit \u00fcber 270 Studieng\u00e4ngen eine inspirierende Lernumgebung, studentische Gemeinschaft und zahlreiche M\u00f6glichkeiten, Ihre Leidenschaft zu entdecken.<\/p><div class=\"wp-block-buttons is-layout-flex wp-block-buttons-is-layout-flex\"><div class=\"wp-block-button is-style-tertiary\"><a href=\"#\" class=\"wp-block-button__link wp-element-button\">Mehr erfahren<\/a><\/div><\/div><\/div><div class=\"fau-big-teaser__image\"><img decoding=\"async\" src=\"https:\/\/www.lhft.tf.fau.de\/files\/2026\/01\/0390_FAU_TECHFAK_FATHER-AND-SUN_20231019_1044-scaled.jpg\" alt=\"Photonik\" loading=\"lazy\" \/><\/div><\/section><\/div>\n\n\n\n<p><\/p>\n","protected":false},"excerpt":{"rendered":"<p>Am LHFT sind verschiedene Forschungsgruppen aktiv.<\/p>\n","protected":false},"author":5645,"featured_media":0,"parent":138,"menu_order":0,"comment_status":"closed","ping_status":"closed","template":"","meta":{"_rrze_cache":"enabled","_rrze_multilang_single_locale":"en_US","_rrze_multilang_single_source":"https:\/\/www.lhft.tf.fau.de\/?page_id=292","footnotes":""},"page_category":[12],"page_tag":[],"class_list":["post-332","page","type-page","status-publish","hentry","page_category-forschung","en-US"],"_links":{"self":[{"href":"https:\/\/www.lhft.tf.fau.de\/wp-json\/wp\/v2\/pages\/332","targetHints":{"allow":["GET"]}}],"collection":[{"href":"https:\/\/www.lhft.tf.fau.de\/wp-json\/wp\/v2\/pages"}],"about":[{"href":"https:\/\/www.lhft.tf.fau.de\/wp-json\/wp\/v2\/types\/page"}],"author":[{"embeddable":true,"href":"https:\/\/www.lhft.tf.fau.de\/wp-json\/wp\/v2\/users\/5645"}],"replies":[{"embeddable":true,"href":"https:\/\/www.lhft.tf.fau.de\/wp-json\/wp\/v2\/comments?post=332"}],"version-history":[{"count":1,"href":"https:\/\/www.lhft.tf.fau.de\/wp-json\/wp\/v2\/pages\/332\/revisions"}],"predecessor-version":[{"id":333,"href":"https:\/\/www.lhft.tf.fau.de\/wp-json\/wp\/v2\/pages\/332\/revisions\/333"}],"up":[{"embeddable":true,"href":"https:\/\/www.lhft.tf.fau.de\/wp-json\/wp\/v2\/pages\/138"}],"wp:attachment":[{"href":"https:\/\/www.lhft.tf.fau.de\/wp-json\/wp\/v2\/media?parent=332"}],"wp:term":[{"taxonomy":"page_category","embeddable":true,"href":"https:\/\/www.lhft.tf.fau.de\/wp-json\/wp\/v2\/page_category?post=332"},{"taxonomy":"page_tag","embeddable":true,"href":"https:\/\/www.lhft.tf.fau.de\/wp-json\/wp\/v2\/page_tag?post=332"}],"curies":[{"name":"wp","href":"https:\/\/api.w.org\/{rel}","templated":true}]}}