{"id":475,"date":"2026-04-07T08:44:54","date_gmt":"2026-04-07T06:44:54","guid":{"rendered":"https:\/\/www.lhft.tf.fau.de\/?page_id=475"},"modified":"2026-04-07T08:44:55","modified_gmt":"2026-04-07T06:44:55","slug":"start-ups","status":"publish","type":"page","link":"https:\/\/www.lhft.tf.fau.de\/en\/start-ups\/","title":{"rendered":"Start-Ups"},"content":{"rendered":"\n<div class=\"wp-block-columns alignwide hero-portal is-layout-flex wp-container-core-columns-is-layout-28f84493 wp-block-columns-is-layout-flex\">\n<div class=\"wp-block-column is-layout-flow wp-block-column-is-layout-flow\"><h1 class=\"wp-block-post-title\">Start-Ups<\/h1>\n\n\n<p class=\"post-description\">Von der Forschung in die Praxis &#8211;  Genau dort setzen unsere Start-Ups an. Der LHFT ist stolz, hier seine Ausgr\u00fcndungen zu pr\u00e4sentieren.<\/p>\n\n\n\n<div class=\"wp-block-buttons is-layout-flex wp-block-buttons-is-layout-flex\">\n<div class=\"wp-block-button is-style-tertiary\"><a class=\"wp-block-button__link wp-element-button\">Mehr erfahren<\/a><\/div>\n<\/div>\n<\/div>\n\n\n\n<div class=\"wp-block-column is-layout-flow wp-block-column-is-layout-flow\">\n<div class=\"wp-block-cover is-light is-dark-theme\"><img loading=\"lazy\" decoding=\"async\" class=\"wp-block-cover__image-background wp-image-337 size-large\" alt=\"\" src=\"https:\/\/www.lhft.tf.fau.de\/files\/2026\/01\/1185_FAU_TECHFAK_FATHER-AND-SUN_20231017_1711-1024x683.jpg\" data-object-fit=\"cover\" srcset=\"https:\/\/www.lhft.tf.fau.de\/files\/2026\/01\/1185_FAU_TECHFAK_FATHER-AND-SUN_20231017_1711-1024x683.jpg 1024w, https:\/\/www.lhft.tf.fau.de\/files\/2026\/01\/1185_FAU_TECHFAK_FATHER-AND-SUN_20231017_1711-300x200.jpg 300w, https:\/\/www.lhft.tf.fau.de\/files\/2026\/01\/1185_FAU_TECHFAK_FATHER-AND-SUN_20231017_1711-768x512.jpg 768w, https:\/\/www.lhft.tf.fau.de\/files\/2026\/01\/1185_FAU_TECHFAK_FATHER-AND-SUN_20231017_1711-1536x1024.jpg 1536w, https:\/\/www.lhft.tf.fau.de\/files\/2026\/01\/1185_FAU_TECHFAK_FATHER-AND-SUN_20231017_1711-2048x1365.jpg 2048w, https:\/\/www.lhft.tf.fau.de\/files\/2026\/01\/1185_FAU_TECHFAK_FATHER-AND-SUN_20231017_1711-60x40.jpg 60w\" \/><span aria-hidden=\"true\" class=\"wp-block-cover__background has-background-dim-0 has-background-dim\" style=\"background-color:#8194a4\"><\/span><div class=\"wp-block-cover__inner-container is-layout-flow wp-block-cover-is-layout-flow\">\n<p class=\"has-text-align-center hideParagraph has-large-font-size\"><\/p>\n<\/div><\/div>\n<\/div>\n<\/div>\n\n\n\n<div class=\"wp-block-group pattern-big-teaser is-layout-flow wp-block-group-is-layout-flow\">\n<h2 class=\"wp-block-fau-elemental-fau-meta-headline\" id=\"headline-f2affc53-e638-4b94-b874-f43d92b04668\">Radar Simulation<\/h2>\n\n\n<section class=\"fau-big-teaser wp-block-fau-elemental-fau-big-teaser\"><div class=\"fau-big-teaser__content\"><h3 class=\"fau-big-teaser__headline\">FIVE-D<\/h3><p class=\"fau-big-teaser__teaser-text\">Die FAU bietet Ihnen mit \u00fcber 270 Studieng\u00e4ngen eine inspirierende Lernumgebung, studentische Gemeinschaft und zahlreiche M\u00f6glichkeiten, Ihre Leidenschaft zu entdecken.<\/p><div class=\"wp-block-buttons is-layout-flex wp-block-buttons-is-layout-flex\"><div class=\"wp-block-button is-style-tertiary\"><a href=\"#\" class=\"wp-block-button__link wp-element-button\">Mehr erfahren<\/a><\/div><\/div><\/div><div class=\"fau-big-teaser__image\"><img decoding=\"async\" src=\"https:\/\/www.lhft.tf.fau.de\/wp-content\/themes\/FAU-Elemental\/assets\/images\/faue-demo-1.jpg\" alt=\"Demo Content\" loading=\"lazy\" \/><\/div><\/section><\/div>\n","protected":false},"excerpt":{"rendered":"<p>Von der Forschung in die Praxis &#8211; Genau dort setzen unsere Start-Ups an. Der LHFT ist stolz, hier seine Ausgr\u00fcndungen zu pr\u00e4sentieren.<\/p>\n","protected":false},"author":5645,"featured_media":0,"parent":0,"menu_order":0,"comment_status":"closed","ping_status":"closed","template":"","meta":{"_rrze_cache":"enabled","_rrze_multilang_single_locale":"en_US","_rrze_multilang_single_source":"https:\/\/www.lhft.tf.fau.de\/?page_id=431","footnotes":""},"page_category":[4],"page_tag":[],"class_list":["post-475","page","type-page","status-publish","hentry","page_category-general","en-US"],"_links":{"self":[{"href":"https:\/\/www.lhft.tf.fau.de\/wp-json\/wp\/v2\/pages\/475","targetHints":{"allow":["GET"]}}],"collection":[{"href":"https:\/\/www.lhft.tf.fau.de\/wp-json\/wp\/v2\/pages"}],"about":[{"href":"https:\/\/www.lhft.tf.fau.de\/wp-json\/wp\/v2\/types\/page"}],"author":[{"embeddable":true,"href":"https:\/\/www.lhft.tf.fau.de\/wp-json\/wp\/v2\/users\/5645"}],"replies":[{"embeddable":true,"href":"https:\/\/www.lhft.tf.fau.de\/wp-json\/wp\/v2\/comments?post=475"}],"version-history":[{"count":1,"href":"https:\/\/www.lhft.tf.fau.de\/wp-json\/wp\/v2\/pages\/475\/revisions"}],"predecessor-version":[{"id":477,"href":"https:\/\/www.lhft.tf.fau.de\/wp-json\/wp\/v2\/pages\/475\/revisions\/477"}],"wp:attachment":[{"href":"https:\/\/www.lhft.tf.fau.de\/wp-json\/wp\/v2\/media?parent=475"}],"wp:term":[{"taxonomy":"page_category","embeddable":true,"href":"https:\/\/www.lhft.tf.fau.de\/wp-json\/wp\/v2\/page_category?post=475"},{"taxonomy":"page_tag","embeddable":true,"href":"https:\/\/www.lhft.tf.fau.de\/wp-json\/wp\/v2\/page_tag?post=475"}],"curies":[{"name":"wp","href":"https:\/\/api.w.org\/{rel}","templated":true}]}}